{"id":2582,"date":"2020-04-07T09:34:01","date_gmt":"2020-04-07T09:34:01","guid":{"rendered":"http:\/\/pero-system.de\/?page_id=2582"},"modified":"2022-11-30T10:30:13","modified_gmt":"2022-11-30T10:30:13","slug":"impressum","status":"publish","type":"page","link":"https:\/\/pero-system.de\/en\/impressum\/","title":{"rendered":"Imprint"},"content":{"rendered":"<p><\/p>\n<p><b>Editor:<\/b><\/p>\n<p>Pero-System GmbH<br \/>\nLise-Meitner-Str. 1<br \/>\nD-42119 Wuppertal<\/p>\n<p>Registered office: Wuppertal<br \/>\nRegister court: Wuppertal HRB 7992<br \/>\nTax ID number: DE 121099470<br \/>\nManager: Frank Eder<\/p>\n<p><b>Contact:<\/b><\/p>\n<p>Frank Eder, Lise-Meitner-Str. 1, D-42119 Wuppertal<br \/>\nTelefon: +49 (0)202 &#8211; 31713 222<br \/>\nTelefax: +49 (0)202 &#8211; 31713 234<br \/>\nE-Mail: info@pero-system.de<\/p>\n<p><b>Angabe gem\u00e4\u00df \u00a7 6 Anbieterkennzeichnung des TDG (Teledienstgesetz)<\/b><\/p>\n<p>Alle in unseren Internetseiten enthaltenen Angaben und Informationen wurden von Pero-System sorgf\u00e4ltig recherchiert und gepr\u00fcft. Diese Informationen sind ein Service von Pero-System und ersetzen eine pers\u00f6nliche Beratung nicht. F\u00fcr Richtigkeit, Vollst\u00e4ndigkeit und Aktualit\u00e4t kann Pero-System keine Haftung \u00fcbernehmen. Alle Informationen dienen ausschlie\u00dflich zur Information der Besucher des Pero-System Online-Angebotes. Im \u00dcbrigen ist die Haftung auf Vorsatz oder grobe Fahrl\u00e4ssigkeit beschr\u00e4nkt.<\/p>\n<p>F\u00fcr Internetseiten Dritter, auf die Pero-System durch Hyperlink verweist, tragen die jeweiligen Anbieter die Verantwortung. Pero-System ist f\u00fcr den Inhalt solcher Seiten Dritter nicht verantwortlich. Des Weiteren kann die Web-Seite von Pero-System ohne Wissen von Pero-System von einer anderen Web-Seite mittels Hyperlink angelinkt worden sein. Pero-System \u00fcbernimmt keine Verantwortung f\u00fcr Darstellungen, Inhalt oder irgendeine Verbindung zu Pero-System in Web-Seiten Dritter.<\/p>\n<p>Au\u00dferdem beh\u00e4lt sich Pero-System das Recht vor, \u00c4nderungen oder Erg\u00e4nzungen der bereitgestellten Informationen vorzunehmen. Inhalt und Struktur der Web-Seite von Pero-System sind urheberrechtlich gesch\u00fctzt.<\/p>\n<p>Die Vervielf\u00e4ltigung von Informationen oder Daten, insbesondere die Verwendung von Texten, Textteilen oder Bildmaterial bedarf der ausdr\u00fccklichen vorherigen Zustimmung von Pero-System.<\/p>\n<p><b>Datenschutzbestimmungen<\/b><\/p>\n<p>Pero-System ist berechtigt, Informationen zu Ihrem Besuch anonym und zusammengefasst zu speichern. Diese Informationen k\u00f6nnen Folgendes enthalten: Uhrzeit und Dauer Ihres Besuchs unserer Website, die von Ihnen auf unserer Website aufgerufenen Seiten, die von Ihnen heruntergeladenen PDF-Dateien sowie die Website, die Sie auf unsere Website verwiesen hat. Wir sind au\u00dferdem berechtigt, den Namen Ihres Internetdiensteanbieters zu erfassen. Diese Informationen werden nur verwendet, um die Aktivit\u00e4t auf unserer Website zu messen und neue Ideen zur Verbesserung unserer Website zu entwickeln. Wir versuchen nicht, die Identit\u00e4t einzelner Besucher unserer Website zu ermitteln.<\/p>\n<p><\/p>","protected":false},"excerpt":{"rendered":"<p>Editor: Pero-System GmbH Lise-Meitner-Str. 1 D-42119 Wuppertal Registered office: Wuppertal Register court: Wuppertal HRB 7992 Tax ID number: DE 121099470 Manager: Frank Eder Contact: Frank Eder, Lise-Meitner-Str. 1, D-42119 Wuppertal Telefon: +49 (0)202 &#8211; 31713 222 Telefax: +49 (0)202 &#8211; 31713 234 E-Mail: info@pero-system.de Angabe gem\u00e4\u00df \u00a7 6 Anbieterkennzeichnung des TDG (Teledienstgesetz) Alle in unseren Internetseiten enthaltenen Angaben und Informationen wurden von Pero-System sorgf\u00e4ltig recherchiert und gepr\u00fcft. Diese Informationen sind ein Service von Pero-System und ersetzen eine pers\u00f6nliche Beratung nicht. F\u00fcr Richtigkeit, Vollst\u00e4ndigkeit und Aktualit\u00e4t kann Pero-System keine Haftung \u00fcbernehmen. Alle Informationen dienen ausschlie\u00dflich zur Information der Besucher des Pero-System&#8230; <\/p>\n","protected":false},"author":1,"featured_media":0,"parent":0,"menu_order":0,"comment_status":"closed","ping_status":"closed","template":"full-width.php","meta":{"footnotes":""},"class_list":["post-2582","page","type-page","status-publish","hentry"],"_links":{"self":[{"href":"https:\/\/pero-system.de\/en\/wp-json\/wp\/v2\/pages\/2582","targetHints":{"allow":["GET"]}}],"collection":[{"href":"https:\/\/pero-system.de\/en\/wp-json\/wp\/v2\/pages"}],"about":[{"href":"https:\/\/pero-system.de\/en\/wp-json\/wp\/v2\/types\/page"}],"author":[{"embeddable":true,"href":"https:\/\/pero-system.de\/en\/wp-json\/wp\/v2\/users\/1"}],"replies":[{"embeddable":true,"href":"https:\/\/pero-system.de\/en\/wp-json\/wp\/v2\/comments?post=2582"}],"version-history":[{"count":4,"href":"https:\/\/pero-system.de\/en\/wp-json\/wp\/v2\/pages\/2582\/revisions"}],"predecessor-version":[{"id":3503,"href":"https:\/\/pero-system.de\/en\/wp-json\/wp\/v2\/pages\/2582\/revisions\/3503"}],"wp:attachment":[{"href":"https:\/\/pero-system.de\/en\/wp-json\/wp\/v2\/media?parent=2582"}],"curies":[{"name":"wp","href":"https:\/\/api.w.org\/{rel}","templated":true}]}}