{"id":5,"date":"2016-12-21T11:40:30","date_gmt":"2016-12-21T11:40:30","guid":{"rendered":"http:\/\/pero-system.de\/?page_id=5"},"modified":"2018-10-01T16:07:53","modified_gmt":"2018-10-01T16:07:53","slug":"home","status":"publish","type":"page","link":"https:\/\/pero-system.de\/en\/","title":{"rendered":"Home"},"content":{"rendered":"<p><\/p>\n<table style=\"width: 100%; margin: 0 auto 1em;\">\n<tbody>\n<tr>\n<td style=\"border: none; width: 10%;\"><\/td>\n<td style=\"border: none;\">\t            <div class=\"image-hover-page-container animatedParent\">\r\n\t                <div class=\"row\">\r\n\t                    \t                        \t                            \t                                \t                                <div class=\"col-lg-12 col-sm-6\">\r\n\t                                    <div class=\"ih-item circle effect13   left_to_right\">\r\n\t                                        <a class=\"taphover\" href=\"https:\/\/www.pero-system.de\/figurecheck\/\">\r\n\t                                            \t                                            <div class=\"img\">\r\n\t                                                <img decoding=\"async\" style=\"height:100%;\" src=\"https:\/\/pero-system.de\/wp-content\/uploads\/2016\/12\/ArmmessungQuadratischErw.jpg\" alt=\"img\">\r\n\t                                                \t                                            <\/div>\r\n\t                                            \t                                                <div class=\"info\" style=\"height:inherit;\">\r\n\t                                                    <div class=\"info-back\">\r\n\t                                                        <h3 style=\"color:#fff\">\r\n\t                                                        \tFitness\t                                                        <\/h3>\r\n\t                                                        <p style=\"color:#fff\">\r\n\t                                                            FigureCheck\t                                                        <\/p>\r\n\t                                                    <\/div>\r\n\t                                                <\/div>\r\n\t                                            \t                                        <\/a>\r\n\t                                    <\/div>\r\n\t                                <\/div>\r\n\t                            \t                            \t                                <\/div><div class=\"row\">\r\n\t                            \t                        \t                    \t                        \t                            \t                            \t                                <\/div><div class=\"row\">\r\n\t                            \t                        \t                    \t                        \t                            \t                            \t                                <\/div><div class=\"row\">\r\n\t                            \t                        \t                    \t                <\/div>\r\n\t            <\/div>\r\n\t            <\/td>\n<td style=\"border: none; width: 10%;\"><\/td>\n<td style=\"border: none;\">\t            <div class=\"image-hover-page-container animatedParent\">\r\n\t                <div class=\"row\">\r\n\t                    \t                        \t                            \t                            \t                        \t                    \t                        \t                            \t                                \t                                <div class=\"col-lg-12 col-sm-6\">\r\n\t                                    <div class=\"ih-item circle effect13   left_to_right\">\r\n\t                                        <a class=\"taphover\" href=\"https:\/\/www.pero-system.de\/produkte\/\">\r\n\t                                            \t                                            <div class=\"img\">\r\n\t                                                <img decoding=\"async\" style=\"height:100%;\" src=\"https:\/\/pero-system.de\/wp-content\/uploads\/2016\/12\/PerometerQuadratischErw.jpg\" alt=\"img\">\r\n\t                                                \t                                            <\/div>\r\n\t                                            \t                                                <div class=\"info\" style=\"height:inherit;\">\r\n\t                                                    <div class=\"info-back\">\r\n\t                                                        <h3 style=\"color:#fff\">\r\n\t                                                        \tMedical\t                                                        <\/h3>\r\n\t                                                        <p style=\"color:#fff\">\r\n\t                                                            The Perometer.\t                                                        <\/p>\r\n\t                                                    <\/div>\r\n\t                                                <\/div>\r\n\t                                            \t                                        <\/a>\r\n\t                                    <\/div>\r\n\t                                <\/div>\r\n\t                            \t                            \t                                <\/div><div class=\"row\">\r\n\t                            \t                        \t                    \t                        \t                            \t                            \t                                <\/div><div class=\"row\">\r\n\t                            \t                        \t                    \t                <\/div>\r\n\t            <\/div>\r\n\t            <\/td>\n<td style=\"border: none; width: 10%;\"><\/td>\n<td style=\"border: none;\">\t            <div class=\"image-hover-page-container animatedParent\">\r\n\t                <div class=\"row\">\r\n\t                    \t                        \t                            \t                            \t                        \t                    \t                        \t                            \t                            \t                        \t                    \t                        \t                            \t                                \t                                <div class=\"col-lg-12 col-sm-6\">\r\n\t                                    <div class=\"ih-item circle effect13   left_to_right\">\r\n\t                                        <a class=\"taphover\" href=\"https:\/\/www.pero-system.de\/industriemodelle\/\">\r\n\t                                            \t                                            <div class=\"img\">\r\n\t                                                <img decoding=\"async\" style=\"height:100%;\" src=\"https:\/\/pero-system.de\/wp-content\/uploads\/2016\/12\/IndustrieQuadratisch.jpg\" alt=\"img\">\r\n\t                                                \t                                            <\/div>\r\n\t                                            \t                                                <div class=\"info\" style=\"height:inherit;\">\r\n\t                                                    <div class=\"info-back\">\r\n\t                                                        <h3 style=\"color:#fff\">\r\n\t                                                        \tIndustry\t                                                        <\/h3>\r\n\t                                                        <p style=\"color:#fff\">\r\n\t                                                            Measuring and counting of objects\t                                                        <\/p>\r\n\t                                                    <\/div>\r\n\t                                                <\/div>\r\n\t                                            \t                                        <\/a>\r\n\t                                    <\/div>\r\n\t                                <\/div>\r\n\t                            \t                            \t                                <\/div><div class=\"row\">\r\n\t                            \t                        \t                    \t                <\/div>\r\n\t            <\/div>\r\n\t            <\/td>\n<td style=\"border: none; width: 10%;\"><\/td>\n<\/tr>\n<tr>\n<td style=\"border: none;\"><\/td>\n<td>\n<p style=\"text-align: center;\">Fitness<\/p>\n<\/td>\n<td style=\"border: none;\"><\/td>\n<td>\n<p style=\"text-align: center;\">Medizin<\/p>\n<\/td>\n<td style=\"border: none;\"><\/td>\n<td>\n<p style=\"text-align: center;\">Industrie<\/p>\n<\/td>\n<td style=\"border: none;\"><\/td>\n<\/tr>\n<tr style=\"border-style: none;\">\n<td style=\"border: none;\"><\/td>\n<td valign=top style=\"border-style: none; padding: 50px 20px;\">\n<h2>Dein Figurerfolg &#8211; sofort sichtbar gemacht!<\/h2>\n<p>Mit dem neuen <b style=\"color: #fff200; background-color: #000000;\"> FigureCheck <\/b> steht dir ab jetzt ein hochinnovatives Instrument zur Analyse deines Trainings- und Di\u00e4terfolgs zur Verf\u00fcgung.<\/td>\n<td style=\"border: none;\"><\/td>\n<td valign=top style=\"border-style: none; padding: 50px 20px;\">\n<h2>Perometer<\/h2>\n<p>Scanner f\u00fcr die Bestimmung geometrischer Daten von Extremit\u00e4ten<\/p>\n<p>Aktuell erh\u00e4ltliche Modelle:<\/p>\n<ul style=\"text-align: left;\">\n<li>Perometer 350 NT<\/li>\n<li>Perometer 400 NT<\/li>\n<li>Perometer 400 NTL<\/li>\n<li>Perometer 1000 NT<\/li>\n<li>Perometer 1400 NT<\/li>\n<\/ul>\n<\/td>\n<td style=\"border: none;\"><\/td>\n<td valign=top style=\"border-width: 0px; border-style: none; padding: 50px 20px;\">\n<h2>Industrie-Modelle<\/h2>\n<p>Lichtgitter dienen zum sicheren Erkennen und\/oder genauem Vermessen von Objekten, die z.B. auf einem Laufband durch einen vordefinierten, kritischen Bereich bef\u00f6rdert werden.<\/td>\n<td style=\"border: none;\"><\/td>\n<\/tr>\n<\/tbody>\n<\/table>\n<p><\/p>","protected":false},"excerpt":{"rendered":"<p>Fitness Medizin Industrie Dein Figurerfolg &#8211; sofort sichtbar gemacht! Mit dem neuen FigureCheck steht dir ab jetzt ein hochinnovatives Instrument zur Analyse deines Trainings- und Di\u00e4terfolgs zur Verf\u00fcgung. Perometer Scanner f\u00fcr die Bestimmung geometrischer Daten von Extremit\u00e4ten Aktuell erh\u00e4ltliche Modelle: Perometer 350 NT Perometer 400 NT Perometer 400 NTL Perometer 1000 NT Perometer 1400 NT Industrie-Modelle Lichtgitter dienen zum sicheren Erkennen und\/oder genauem Vermessen von Objekten, die z.B. auf einem Laufband durch einen vordefinierten, kritischen Bereich bef\u00f6rdert werden.<\/p>\n","protected":false},"author":1,"featured_media":0,"parent":0,"menu_order":0,"comment_status":"closed","ping_status":"closed","template":"","meta":{"footnotes":""},"class_list":["post-5","page","type-page","status-publish","hentry"],"_links":{"self":[{"href":"https:\/\/pero-system.de\/en\/wp-json\/wp\/v2\/pages\/5","targetHints":{"allow":["GET"]}}],"collection":[{"href":"https:\/\/pero-system.de\/en\/wp-json\/wp\/v2\/pages"}],"about":[{"href":"https:\/\/pero-system.de\/en\/wp-json\/wp\/v2\/types\/page"}],"author":[{"embeddable":true,"href":"https:\/\/pero-system.de\/en\/wp-json\/wp\/v2\/users\/1"}],"replies":[{"embeddable":true,"href":"https:\/\/pero-system.de\/en\/wp-json\/wp\/v2\/comments?post=5"}],"version-history":[{"count":11,"href":"https:\/\/pero-system.de\/en\/wp-json\/wp\/v2\/pages\/5\/revisions"}],"predecessor-version":[{"id":3691,"href":"https:\/\/pero-system.de\/en\/wp-json\/wp\/v2\/pages\/5\/revisions\/3691"}],"wp:attachment":[{"href":"https:\/\/pero-system.de\/en\/wp-json\/wp\/v2\/media?parent=5"}],"curies":[{"name":"wp","href":"https:\/\/api.w.org\/{rel}","templated":true}]}}