{"id":823,"date":"2017-05-03T15:38:27","date_gmt":"2017-05-03T15:38:27","guid":{"rendered":"http:\/\/pero-system.de\/?page_id=823"},"modified":"2019-12-31T10:05:53","modified_gmt":"2019-12-31T10:05:53","slug":"einsatzgebiete","status":"publish","type":"page","link":"https:\/\/pero-system.de\/en\/einsatzgebiete\/","title":{"rendered":"Clinical use of Perometry"},"content":{"rendered":"<p><strong><span id=\"result_box\" class=\"\" lang=\"en\" tabindex=\"-1\"><span class=\"\">Perometers have been used in clinical practice and in scientific research for more than two decades.<\/span><\/span><\/strong><\/p>\n<p><strong><span id=\"result_box\" class=\"\" lang=\"en\" tabindex=\"-1\"><span class=\"\"><span id=\"result_box\" class=\"short_text\" lang=\"en\" tabindex=\"-1\">Here are some more examples of scientific literature:<\/span><\/span><\/span><\/strong><br \/>\n&nbsp;<\/p>\n<p><a href=\"https:\/\/pero-system.de\/wissenschaftliche-literatur\/\"><em>Publications no. 1-14&#8230;<\/em><\/a><\/p>\n<table width=\"630\">\n<tbody>\n<tr>\n<td width=\"27\">15.<\/td>\n<td width=\"603\">A constitutional predisposition to breast cancer-related lymphoedema and effect of axillary lymph node surgery on forearm muscle lymph flow, Bains SK, Stanton AW, Cintolesi V, Ballinger J, Allen S, Zammit C, Levick JR, Mortimer PS, Peters AM, Purushotham AD, Breast. 2015 Feb;24(1):68-74. doi: 10.1016\/j.breast.2014.11.010. Epub 2014 Dec 6.<\/td>\n<\/tr>\n<tr>\n<td>16.<\/td>\n<td width=\"603\">Establishing and sustaining a prospective screening program for breast cancer-related lymphedema at the massachusetts general hospital: lessons learned. Brunelle C1, Skolny M2, Ferguson C3, Swaroop M2, O&#8217;Toole J4, Taghian AG5, J Pers Med. 2015 May 20;5(2):153-64. doi: 10.3390\/jpm5020153.<\/td>\n<\/tr>\n<tr>\n<td>17.<\/td>\n<td width=\"603\">Impact of adjuvant taxane-based chemotherapy on development of breast cancer-related lymphedema: results from a large prospective cohort, Swaroop MN, Ferguson CM, Horick NK, Skolny MN, Miller CL, Jammallo LS, Brunelle CL, O&#8217;Toole JA, Isakoff SJ, Specht MC, Taghian AG, Breast Cancer Res Treat. 2015 Jun;151(2):393-403. doi: 10.1007\/s10549-015-3408-1. Epub 2015 May 5.<\/td>\n<\/tr>\n<tr>\n<td>18.<\/td>\n<td width=\"603\">Immediate Implant Reconstruction Is Associated With a Reduced Risk of Lymphedema Compared to Mastectomy Alone: A Prospective Cohort Study. Miller CL, Colwell AS, Horick N, Skolny MN, Jammallo LS, O\u02bcToole JA, Shenouda MN, Sadek BT, Swaroop MN, Ferguson CM, Smith BL, Specht MC, Taghian AG. Ann Surg. 2015 Jan 20. [Epub ahead of print]<\/td>\n<\/tr>\n<tr>\n<td>19.<\/td>\n<td width=\"603\">The impact of breast cancer-related lymphedema on the ability to perform upper extremity activities of daily living. O&#8217;Toole JA, Ferguson CM, Swaroop MN, Horick N, Skolny MN, Brunelle CL, Miller CL, Jammallo LS, Specht MC, Taghian AG. Breast Cancer Res Treat. 2015 Apr;150(2):381-8. doi: 10.1007\/s10549-015-3325-3. Epub 2015 Mar 7.<\/td>\n<\/tr>\n<tr>\n<td>20.<\/td>\n<td width=\"603\">Is surviving enough? Coping and impact on activities of daily living among melanoma patients with lymphoedema. Cromwell KD, Chiang YJ, Armer J, Heppner PP, Mungovan K, Ross MI, Gershenwald JE, Lee JE, Royal RE, Lucci A, Cormier JN. Eur J Cancer Care (Engl). 2015 Mar 24. doi: 10.1111\/ecc.12311. [Epub ahead of print]<\/td>\n<\/tr>\n<tr>\n<td>21.<\/td>\n<td width=\"603\">Pilot study of the impact of sporting compression garments on composition and volume of normal and lymphedema legs. Sierakowski K, Piller N. Lymphology. 2014 Dec;47(4):187-95.<\/td>\n<\/tr>\n<tr>\n<td>22.<\/td>\n<td width=\"603\">Water-based exercise for patients with chronic arm lymphedema: a randomized controlled pilot trial. Johansson K, Hayes S, Speck RM, Schmitz KH. Am J Phys Med Rehabil. 2013 Apr;92(4):312-9. doi: 10.1097\/PHM.0b013e318278b0e8.<\/td>\n<\/tr>\n<tr>\n<td>23.<\/td>\n<td width=\"603\">J Athl Train. 2013 Mar-Apr; 48(2): 226\u2013232. doi:\u00a0 10.4085\/1062-6050-48.1.26 PMCID: PMC3600925 Graduated Compression Stockings for Runners: Friend, Foe, or Fake? H. Jorn Bovenschen, MD, PhD, Mari\u00eblle te Booij, MD, and Carine J. M. van der Vleuten, MD, PhD<\/td>\n<\/tr>\n<tr>\n<td>24.<\/td>\n<td width=\"603\">Technologies imporve accuracy and reliability of lymphedema measurement. McNeely, M, Lymphedemapathways, Summer 2015, p. 5 &#8211; 8<\/td>\n<\/tr>\n<tr>\n<td>25.<\/td>\n<td width=\"603\">Factors associated with fear of lymphedema after treatment for breast cancer. Jammallo LS, Miller CL, Horick NK, Skolny MN, O&#8217;Toole J, Specht MC, Taghian AG. Oncol Nurs Forum. 2014 Sep 1;41(5):473-83. doi: 10.1188\/14.ONF.473-483.<\/td>\n<\/tr>\n<tr>\n<td>26.<\/td>\n<td width=\"603\">Proactive approach to lymphedema risk reduction: a prospective study. Fu MR, Axelrod D, Guth AA, Cartwright F, Qiu Z, Goldberg JD, Kim J, Scagliola J, Kleinman R, Haber J. Ann Surg Oncol. 2014 Oct;21(11):3481-9. doi: 10.1245\/s10434-014-3761-z. Epub 2014 May 9<\/td>\n<\/tr>\n<tr>\n<td>27.<\/td>\n<td width=\"603\">A new soft tissue volume measurement strategy using ultrasonography. Hwang JH, Lee CH, Lee HH, Kim SY. Lymphat Res Biol. 2014 Jun;12(2):89-94. doi: 10.1089\/lrb.2013.0030. Epub 2014 Feb 12.<\/td>\n<\/tr>\n<tr>\n<td>28.<\/td>\n<td width=\"603\">Risk of lymphedema after mastectomy: potential benefit of applying ACOSOG Z0011 protocol to mastectomy patients. Miller CL, Specht MC, Skolny MN, Horick N, Jammallo LS, O&#8217;Toole J, Shenouda MN, Sadek BT, Smith BL, Taghian AG. Breast Cancer Res Treat. 2014 Feb;144(1):71-7. doi: 10.1007\/s10549-014-2856-3. Epub 2014 Feb 6.<\/td>\n<\/tr>\n<tr>\n<td>29.<\/td>\n<td width=\"603\">The impact of radiation therapy on the risk of lymphedema after treatment for breast cancer: a prospective cohort study. Warren LE, Miller CL, Horick N, Skolny MN, Jammallo LS, Sadek BT, Shenouda MN, O&#8217;Toole JA, MacDonald SM, Specht MC, Taghian AG. Int J Radiat Oncol Biol Phys. 2014 Mar 1;88(3):565-71. doi: 10.1016\/j.ijrobp.2013.11.232. Epub 2014 Jan 7.<\/td>\n<\/tr>\n<tr>\n<td>30.<\/td>\n<td width=\"603\">A novel, validated method to quantify breast cancer-related lymphedema (BCRL) following bilateral breast surgery. Miller CL, Specht MC, Horick N, Skolny MN, Jammallo LS, O&#8217;Toole J, Taghian AG. Lymphology. 2013 Jun;46(2):64-74.<\/td>\n<\/tr>\n<tr>\n<td>31.<\/td>\n<td width=\"603\">A Morbidity Screening Tool for identifying fatigue, pain, upper limb dysfunction and lymphedema after breast cancer treatment: a validity study. Bulley C, Coutts F, Blyth C, Jack W, Chetty U, Barber M, Tan CW. Eur J Oncol Nurs. 2014 Apr;18(2):218-27. doi: 10.1016\/j.ejon.2013.10.006. Epub 2013 Nov 15.<\/td>\n<\/tr>\n<tr>\n<td>32.<\/td>\n<td width=\"603\">Impact of body mass index and weight fluctuation on lymphedema risk in patients treated for breast cancer. Jammallo LS, Miller CL, Singer M, Horick NK, Skolny MN, Specht MC, O&#8217;Toole J, Taghian AG. Breast Cancer Res Treat. 2013 Nov;142(1):59-67.<\/td>\n<\/tr>\n<tr>\n<td>33.<\/td>\n<td width=\"603\">Specht MC, Miller CL, Russell TA, Horick N, Skolny MN, O&#8217;Toole JA, Jammallo LS, Niemierko A, Sadek BT, Shenouda MN, Finkelstein DM, Smith BL, Taghian AG.: Defining a threshold for intervention in breast cancer-related lymphedema: what level of arm volume increase predicts progression?, Breast Cancer Res Treat. 2013 Aug;140(3):485-94. doi: 10.1007\/s10549-013-2655-2. Epub 2013 Aug 4.<\/td>\n<\/tr>\n<tr>\n<td>34.<\/td>\n<td width=\"603\">Bulley C, Gaal S, Coutts F, Blyth C, Jack W, Chetty U, Barber M, Tan CW.: Comparison of breast cancer-related lymphedema (upper limb swelling) prevalence estimated using objective and subjective criteria and relationship with quality of life., Biomed Res Int. 2013;2013:807569. doi: 10.1155\/2013\/807569. Epub 2013 Jun 18.<\/td>\n<\/tr>\n<tr>\n<td>35.<\/td>\n<td width=\"603\">O&#8217;Toole J, Miller CL, Specht MC, Skolny MN, Jammallo LS, Horick N, Elliott K, Niemierko A, Taghian AG.: Cording following treatment for breast cancer., Breast Cancer Res Treat. 2013 Jul;140(1):105-11. doi: 10.1007\/s10549-013 2616-9. Epub 2013 Jun 29.<\/td>\n<\/tr>\n<tr>\n<td>36.<\/td>\n<td width=\"603\">Hyngstrom JR, Chiang YJ, Cromwell KD, Ross MI, Xing Y, Mungovan KS, Lee JE, Gershenwald JE, Royal RE, Lucci A, Armer JM, Cormier JN.: Prospective assessment of lymphedema incidence and lymphedema-associated symptom following lymph node surgery for melanoma., Melanoma Res. 2013 Aug;23(4):290-7. doi:<\/td>\n<\/tr>\n<tr>\n<td>37.<\/td>\n<td width=\"603\">Bovenschen HJ, Booij MT, van der Vleuten CJ.: Graduated compression stockings for runners: friend, foe, or fake?, J Athl Train. 2013 Mar-Apr;48(2):226-32. doi: 10.4085\/1062-6050-48.1.26. Epub 2013 Feb 20.<\/td>\n<\/tr>\n<tr>\n<td>38.<\/td>\n<td width=\"603\">Dylke ES, Yee J, Ward LC, Foroughi N, Kilbreath SL.: Normative volume difference between the dominant and nondominant upper limbs in healthy older women., Lymphat Res Biol. 2012 Dec;10(4):182-8. doi: 10.1089\/lrb.2012.0011.<\/td>\n<\/tr>\n<tr>\n<td>39.<\/td>\n<td width=\"603\">Kerry S Courneya, Jeff K Vallance, S Nicole Culos-Reed, Margaret L McNeely, Gordon J Bell, John R Mackey, Yutaka Yasui, Yan Yuan, Charles E Matthews, David CW Lau, Diane Cook, Christine M Friedenreich: The Alberta moving beyond breast cancer (AMBER) cohort study: a prospective study of physical activity and health-related fitness in breast cancer survivors, BMC Cancer. 2012; 12: 525. Published online 2012 November 16. doi:\u00a010.1186\/1471-2407-12-525<\/td>\n<\/tr>\n<tr>\n<td>40.<\/td>\n<td width=\"603\">Nele Adriaenssens, Dries Belsack, Ronald Buyl, Leonardo Ruggiero, Catherine Breucq, Johan De Mey, Pierre Lievens, Jan Lamote: Ultrasound elastography as an objective diagnostic measurement tool for lymphoedema of the treated breast in breast cancer patients following breast conserving surgery and radiotherapy, Radiol Oncol. 2012 December; 46(4): 284\u2013295. Published online 2012 November 9. doi:\u00a010.2478\/v10019-012-0033-z<\/td>\n<\/tr>\n<tr>\n<td>41.<\/td>\n<td width=\"603\">Miller CL; Specht MC; Skolny MN; Jammallo LS; Horick N; O\u2019Toole J; Coopey SB; Hughes K; Gadd M; Smith BL; Taghian AG: Sentinel lymph node biopsy at the time of mastectomy does not increase the risk of lymphedema: implications for prophylactic surgery; Breast cancer research and treatment \/20120901\/<\/td>\n<\/tr>\n<tr>\n<td>42.<\/td>\n<td width=\"603\">Siewert C; B\u00f6ttcher A; Hellige M; Beyerbach M; von Rautenfeld DB; Seifert H: Experimentelle Untersuchung zum Einfluss definierter Bewegung auf das Volumen der Pferdeextremit\u00e4t anhand optoelektronischer Messungen. [Influence of exercise on horses\u2019 limb volume, measured by an optoelectronic device], Berliner und M\u00fcnchener tier\u00e4rztliche Wochenschrift; VOL: 124 (5-6); p. 257-64 \/2011 May-Jun\/<\/td>\n<\/tr>\n<tr>\n<td>43.<\/td>\n<td width=\"603\">Pannier F; Rabe E: Optoelectric volume measurements to demonstrate volume changes in the lower extremities during orthostasis, International Angiology: A journal of the International Union of Angiology; VOL: 29 (5); p. 395-400 \/201010\/<\/td>\n<\/tr>\n<tr>\n<td>44.<\/td>\n<td width=\"603\">Mi-Joung Lee, Ph.D., Robert A. Borland, Ph.D., Sharon Czerniec, and Sharon L. Kilbreath, Ph.D.: Reliability and Concurrent Validity of the Perometer for Measuring Hand Volume in Women With and Without Lymphedema, LYMPHATIC RESEARCH AND BIOLOGY Volume 9 Number 1, 2011<\/td>\n<\/tr>\n<tr>\n<td>45.<\/td>\n<td width=\"603\">Nasim Foroughi, Ph.D., Elizabeth S. Dylke, M.P.T., Ross D. Paterson, B.Sci., Kristine A. Sparrow, B.Nurs.,Jacqueline Fan, B.App.Sci., Elise B. G. Warwick, B.App.Sci., and Sharon L. Kilbreath, Ph.D.: Inter-Rater Reliability of Arm Circumference Measurement, LYMPHATIC RESEARCH AND BIOLOGY Volume 9 Number 2, 2011<\/td>\n<\/tr>\n<tr>\n<td>46.<\/td>\n<td width=\"603\">Ancukiewicz M, Russel TA, Otoole J, Specht M, Singer M, Kelada A, Murphy CD, Pogachar J, Gioioso V, Patel M, Skolny M, Smith BL, Thagian AG: Standardized Method for Quantification of Developing Lymphedema in Patients Treated for Breast Cancer, International journal of radiation oncology, biology, physics \/20100602\/<\/td>\n<\/tr>\n<tr>\n<td>47.<\/td>\n<td width=\"603\">Czerniec SA, Ward LC, Refshauge KM, Beith J, Lee MJ, York S, Kilbreath SL: Assessment of breast cancer-related arm lymphedema \u2013 comparison of physical measurement methods and self-report, Cancer investigation VOL: 28 (1) p. 54-62 \/201001\/<\/td>\n<\/tr>\n<tr>\n<td>48.<\/td>\n<td width=\"603\">Cormier JN, Xing Y, Zaniletti I, Askew RL, Stewart BR, Armer JM: Minimal limb volume change has a significant impact on breast cancer survivors, Lymphology VOL: 42 (4) p. 161-75 \/200912\/<\/td>\n<\/tr>\n<tr>\n<td>49.<\/td>\n<td width=\"603\">Haase F, Siewert C, von Rautenfeld DB, Fischbach JU, Seifert H: Vergleich verschiedener Methoden zur Volumenmessung am Pferdebein. Comparison of different methods to quantify the volume of horse limbs, Berliner und M\u00fcnchener tier\u00e4rztliche Wochenzeitschrift VOL: 122 (3-4) p. 126-31 \/2009 Mar-Apr\/<\/td>\n<\/tr>\n<tr>\n<td>50.<\/td>\n<td width=\"603\">Spillane AJ, Saw RP, Tucker M, Byth K, Thompson JF: Defining lower limb lymphedema after inguinal or ilio-inguinal dissection in patients with melanoma using classification and regression tree analysis, Annals of surgery VOL: 248 (2) p. 286-93 \/200808\/<\/td>\n<\/tr>\n<tr>\n<td>51.<\/td>\n<td width=\"603\">Gothard L, Cornes P, Earl J, Hall E, MacLaren J, Mortimer P, Peacock J, Peckitt C, Woods M, Yarnold J: Double-blind placebo-controlled randomised trial of vitamin E and pentoxifylline in patients with chronic arm lymphoedema and fibrosis after surgery and radiotherapy for breast cancer, Radiotherapy and Oncology VOL: 73 (2) p. 133-9 \/200411\/<\/td>\n<\/tr>\n<tr>\n<td>52.<\/td>\n<td width=\"603\">Gothard L, Stanton A, MacLaren J, Lawrence D, Hall E, Mortimer P, Parkin E, Pritchard J, Risdall J, Sawyer R, Woods M, Yarnold J: Non-randomised phase II trial of hyperbaric oxygen therapy in patients with chronic arm lymphoedema and tissue fibrosis after radiotherapy for early breast cancer, Radiotherapy and Oncology VOL: 70 (3) p. 217-24 \/200403\/<\/td>\n<\/tr>\n<tr>\n<td>53.<\/td>\n<td width=\"603\">M. Mittermayr, D. Fries, P. Innerhofer, B. Schobersberger, A. Klingler, H. Partsch, U. Fischbach, H.-C. Gunga, E. Koralewski, K. Kirsch, W. Schobersberger: Formation of Edema and Fluid Shifts During a Long-haul Flight, J Travel Med 2003; 10:334-339<\/td>\n<\/tr>\n<tr>\n<td>54.<\/td>\n<td width=\"603\">I.O.W. Man, S.M. Elsabagh, M.C. Morrissey: The effect of different knee angles on knee volume measured with the Perometer\u00ae device in uninjured subjects, Abstract Clinical Physiology and Functional Imaging, Volume 23 Issue 2 Page 114 \u2013 March 2003<\/td>\n<\/tr>\n<tr>\n<td>55.<\/td>\n<td width=\"603\">A.W.B. Stanton, B. Holroyd, P.S. Mortimer, J.R. Levick: Comparison of Microvascular Filtration in Human Arms with and without Postmastectomy Oedema, Experimental Physiology (1999) VOL 84 p. 405-419<\/td>\n<\/tr>\n<tr>\n<td>56.<\/td>\n<td width=\"603\">A.W.B. Stanton, B. Holroyd, P.S. Mortimer, J.R. Levick, J.W. Northfield: Forearm blood flow measured by venous occlusion plethysmography in healthy subjects and in women with postmastectomy oedema, Vascular Medicine VOL: 3 (1) p. 3-8 1. Februar 1998<\/td>\n<\/tr>\n<tr>\n<td>57.<\/td>\n<td width=\"603\">W. Schneider, A. Vollmer: Qualit\u00e4tssicherung in der Kompressionsstrumpfversorgung \u2013 verbesserte Ergebnisse durch optoelektronische Bestrumpfungkontrolle, LymphForsch 4 (2) 2000; 87-89<\/td>\n<\/tr>\n<tr>\n<td>58.<\/td>\n<td width=\"603\">Streif, U. Fischbach, D. Fries: Coagulation changes and edema formation during longdistances bus travel, Blood Coagulation and Fibrinosis 2004, 15:419-425<\/td>\n<\/tr>\n<tr>\n<td>59.<\/td>\n<td width=\"603\">F.Pannier, E. Rabe: Volumen\u00e4nderung der unteren Extremit\u00e4ten in Orthostase, Phlebol. 81 (2004) 17-24<\/td>\n<\/tr>\n<tr>\n<td>60.<\/td>\n<td width=\"603\">S.H. Ridner, L.D. Montgomery, J.T. Hepworth, B.R. Stewart, J.M. Armer: Comparison of Upper Limb Volume Measurement Techniques and Arm Symptoms between Healthy Volunteers and Individuals with known Lymphedema, Lymphology VOL: 40 (2007) p. 35-46<\/td>\n<\/tr>\n<tr>\n<td>61.<\/td>\n<td width=\"603\">Caroline M.A. Badger, Janet L. Peacock, Peter S. Mortimer: A Randomized, Controlled, Parallel-Group Clinical Trial Comparing Multilayer Bandaging Followed by Hosiery versus Hosiery Alone in the Treatment of Patients with Lymphoedema of the Limb, Cancer 2000;88:2832-7, American Cancer Society<\/td>\n<\/tr>\n<tr>\n<td>62.<\/td>\n<td width=\"603\">Moseley A, Piller N.: Combined optoelectronic perometry and bio-impedance to measure objectively the effectiveness of a new treatment for cronic secondary leg lymphoedem. Lymphology 35, 2002 S. 136-143<\/td>\n<\/tr>\n<tr>\n<td>63.<\/td>\n<td width=\"603\">Robert Harris, Prof. Neil Piller: Three case studies indicating the effectiveness of manual lymph drainage on patients with primary and secondary lymphedema using objective measuring tools, Journal of Bodywork and Movement Therapies (2003) 7(4) 213-221<\/td>\n<\/tr>\n<tr>\n<td>64.<\/td>\n<td width=\"603\">W. Schobersberger and the Traveler\u2019s Thrombosis Research Group: Influence of aircraft chair quality on blood coagulation and leg edema formation during a simulated long-haul fligt, Deutsche Akademie f\u00fcr Flug- und Reisemedizin.<\/td>\n<\/tr>\n<tr>\n<td>65.<\/td>\n<td width=\"603\">Anthony Stanton, Stephanie Mody, Russell Mellor, Rodney Levick, Peter Mortimer: Diagnosing Breast Cancer Related Lymphoedema in the Arm.Journal of Lymphoedema, 2006. Vol 1. No 1. P 12-15.<\/td>\n<\/tr>\n<tr>\n<td>66.<\/td>\n<td width=\"603\">Jane M. Armer, Sheila H. Ridner: Measurement Techniques in Assessment of Lymphedema, National Lymphedema Network July\/September 2006 1-3 \/ 25 Dr. Neil Piller: Measurement of Lymphedema from an International Perspective: Do I really have to measure that Limb ? National Lymphedema Network July\/September 2006 7-8<\/td>\n<\/tr>\n<tr>\n<td>67.<\/td>\n<td width=\"603\">W. Bl\u00e4ttler, B. Lun, J. F. Uhl, Y. Bringer: Determinants of pressure exerted by medical compression stockings. Phlebelogie 5\/2007, Schattauer GmbH, S. 237-244.<\/td>\n<\/tr>\n<tr>\n<td>68.<\/td>\n<td width=\"603\">Ralf Girnus, Frauke Haase, Dirk Berens von Rautenfeld, J\u00f6rn-Uwe Fischbach, Hermann Seifert: Messgenauigkeit von Volumenmessungen an Pferdebeinen, Tagungsband der 37. Wissenschaftlichen Tagung der Deutschen Gesellschaft f\u00fcr Medizinische Physik (DGMP 2006) (Hrsg.: L. Bogner, B. Dobler). Regensburg, 354-355 (2006).<\/td>\n<\/tr>\n<tr>\n<td>69.<\/td>\n<td width=\"603\">K. Rupprecht, A. B\u00f6ttcher, D. Berens v. Rautenfeld, J. U. Fischbach, H. Seifert: Opto-elektronische Messung des Extremit\u00e4tenvolumens beim Pferd zur Bestimmung des Bewegungseinflusses. In: Fix, M. K. (Hrsg.): Dreil\u00e4ndertagung Medizinphysik 2007 38. Wissenschaftliche Jahrestagung der DGMP in Bern, Bern, 25.-28.09.2007; 2007, S. 364-365<\/td>\n<\/tr>\n<tr>\n<td>70.<\/td>\n<td width=\"603\">The Diagnosis and Treatment of Peripheral Lymphedema, Consensus Document of the International Society of Lymphology, Lymphology 36 (2003) 84-91<\/td>\n<\/tr>\n<tr>\n<td>71.<\/td>\n<td width=\"603\">Ergebnisprotokoll des wissenschaftlichen Beratungsgespr\u00e4ches Reparil\u00ae Drag\u00e9es beim BfArM 17.10.03<\/td>\n<\/tr>\n<tr>\n<td>72.<\/td>\n<td width=\"603\">T. J\u00f6llenbeck, C. Sch\u00f6nle, S. R\u00f6dig, J.U. Fischbach: Das Perometer zur einfachen und genauen Bestimmung des Beinvolumens, Abstract, Z Orthop 2002<\/td>\n<\/tr>\n<tr>\n<td>73.<\/td>\n<td width=\"603\">L. Pfalzer, J. Babich, C. McGarvey: Upper Limb Volume Variation in Healthy, Pre- and Post- Menopausal Women, Vortrag Fira Palace Hotel, Diamant<\/td>\n<\/tr>\n<tr>\n<td>74.<\/td>\n<td width=\"603\">A.W.B. Stanton, C. Badger, J. Sitzia: Non-Invais Assessment of the Lymphedematous Limb, Lymphology 33 (200) 122-135<\/td>\n<\/tr>\n<tr>\n<td>75.<\/td>\n<td width=\"603\">J.U. Fischbach: Rechnergest\u00fctzte \u00d6dembeobachtung mit Bildaufnahme- und -analysesystemen, oedeminus Nr2 juni 2003<\/td>\n<\/tr>\n<tr>\n<td>76.<\/td>\n<td width=\"603\">Sonderdruck aus Orthop\u00e4die Technik 2\/93, Verlag Orthop\u00e4die Technik, Dortmund: Exaktere Messung verbessert Auswahl des Kompressionsstrumpfes<\/td>\n<\/tr>\n<tr>\n<td>77.<\/td>\n<td width=\"603\">J.U. Fischbach, W. von Stubbendorf, J.J. Pflug, E. G\u00f6ltner: True-to-scale measurements of oedema in the extremities<\/td>\n<\/tr>\n<tr>\n<td>78.<\/td>\n<td width=\"603\">J.U. Fischbach, E. G\u00f6ltner: Rechnergest\u00fctzte \u00d6demanalyse mit ma\u00dfstaberhaltenden Kameras<\/td>\n<\/tr>\n<tr>\n<td>79.<\/td>\n<td width=\"603\">E. G\u00f6ltner, J.U. Fischbach: Bedeutung der Volumetrie in der Phlebologie, Phlebol. U. Proktol. 1989: 18: 218-23<\/td>\n<\/tr>\n<tr>\n<td>80.<\/td>\n<td width=\"603\">N. Piller, A. Moseley, J. Fauser, B. Forbes: A rondomized, single-blinded, cross-over Trial of the effectiveness of below the knee support socks (stockings) for worker who stand for prolonged periods of time, Final report for workcover corporation. Flinders University &amp; Medical Centre, 2004<\/td>\n<\/tr>\n<tr>\n<td>81.<\/td>\n<td width=\"603\">M. J\u00fcnger, H. Haase, G. Ebert, K. Leber: Ber\u00fchrungslose Umfangsmessung der Beine, MOT April 2006-10-07<\/td>\n<\/tr>\n<tr>\n<td>82.<\/td>\n<td width=\"603\">Martin T. Braun, Andrea Daser, Katharina A. Wroblewska: Effekte der Sto\u00dfwellentherapie bei pathologischen Ver\u00e4nderungen des subkutanen Fettgewebes. Eine Pilotstudie, \u00c4sthetische Dermatologie 3 \/ 2005.<\/td>\n<\/tr>\n<tr>\n<td>83.<\/td>\n<td width=\"603\">Sandi C. Hayes, Hildegard Reul-Hirche, Jane Turner: Exercise and Secondary Lymphedema: Safety, Potential Benefits, and Research Issues, Medicine &amp; Sciences in Sports &amp; Exercise (2009) p. 483-88<\/td>\n<\/tr>\n<tr>\n<td>84.<\/td>\n<td width=\"603\">Nicole Stout: Early Diagnosis and Treatment Intervention for Lymphedema \u2013 the new Standard of Care, National Lymphedema Network VOL: 21 (1) Jan-Mar 2009<\/td>\n<\/tr>\n<tr>\n<td>85.<\/td>\n<td width=\"603\">Dr. med. Vera Schm\u00fccker: Perimetrische Beinvolumenmessung unter Kompressionstherapie bei Patienten mit dilatativer oder obliterativer Venenerkrankung. Dissertation 1999, Dekanat der medizinischen Fakult\u00e4t Heidelberg, innere Medizin, Publikationsdatum 04.08.2000<\/td>\n<\/tr>\n<tr>\n<td>86.<\/td>\n<td width=\"603\">Frauke A. Haase: Experimentelle Untersuchungen zur Messgenauigkeit des Perometers am Pferdebein durch Vergleich mit anderen Messmethoden. Dissertation Tier\u00e4rztliche Hochschule Hannover 2006<\/td>\n<\/tr>\n<tr>\n<td>87.<\/td>\n<td width=\"603\">Nicole Svenja Korella: Bewertung des Einflusses von Bandagen und Gamaschen auf das Volumen der Vorder- und Hintergliedma\u00dfen des Pferdes in Bewegung anhand perometrischer Messungen. Dissertation Tier\u00e4rztliche Hochschule Hannover 2007<\/td>\n<\/tr>\n<tr>\n<td>88.<\/td>\n<td width=\"603\">Ariane B\u00f6ttcher: Experimentelle Untersuchung zum Einfluss definierter Bewegung auf das Volumen der Pferdeextremit\u00e4t, anhand opto-elektronischer Messung mit dem Perometer. Dissertation Tier\u00e4rztliche Hochschule Hannover 2006<\/td>\n<\/tr>\n<tr>\n<td>89.<\/td>\n<td width=\"603\">Patentschrift DE4304388B4, Vorrichtung und Verfahren zum Ermitteln von Umfangsma\u00dfen l\u00e4nglicher K\u00f6rper, Patentinhaber: Fischbach, J\u00f6rn-Uwe, Prof. Dr. 5600 Wuppertal<\/td>\n<\/tr>\n<\/tbody>\n<\/table>\n<p>&nbsp;<br \/>\n<a href=\"https:\/\/pero-system.de\/wissenschaftliche-literatur\/\">back&#8230;<\/a><\/p>","protected":false},"excerpt":{"rendered":"<p>Perometers have been used in clinical practice and in scientific research for more than two decades. Here are some more examples of scientific literature: &nbsp; Publications no. 1-14&#8230; 15. A constitutional predisposition to breast cancer-related lymphoedema and effect of axillary lymph node surgery on forearm muscle lymph flow, Bains SK, Stanton AW, Cintolesi V, Ballinger J, Allen S, Zammit C, Levick JR, Mortimer PS, Peters AM, Purushotham AD, Breast. 2015 Feb;24(1):68-74. doi: 10.1016\/j.breast.2014.11.010. Epub 2014 Dec 6. 16. Establishing and sustaining a prospective screening program for breast cancer-related lymphedema at the massachusetts general hospital: lessons learned. Brunelle C1, Skolny M2,&#8230; <\/p>\n","protected":false},"author":1,"featured_media":0,"parent":0,"menu_order":0,"comment_status":"closed","ping_status":"closed","template":"full-width.php","meta":{"footnotes":""},"class_list":["post-823","page","type-page","status-publish","hentry"],"_links":{"self":[{"href":"https:\/\/pero-system.de\/en\/wp-json\/wp\/v2\/pages\/823","targetHints":{"allow":["GET"]}}],"collection":[{"href":"https:\/\/pero-system.de\/en\/wp-json\/wp\/v2\/pages"}],"about":[{"href":"https:\/\/pero-system.de\/en\/wp-json\/wp\/v2\/types\/page"}],"author":[{"embeddable":true,"href":"https:\/\/pero-system.de\/en\/wp-json\/wp\/v2\/users\/1"}],"replies":[{"embeddable":true,"href":"https:\/\/pero-system.de\/en\/wp-json\/wp\/v2\/comments?post=823"}],"version-history":[{"count":16,"href":"https:\/\/pero-system.de\/en\/wp-json\/wp\/v2\/pages\/823\/revisions"}],"predecessor-version":[{"id":2430,"href":"https:\/\/pero-system.de\/en\/wp-json\/wp\/v2\/pages\/823\/revisions\/2430"}],"wp:attachment":[{"href":"https:\/\/pero-system.de\/en\/wp-json\/wp\/v2\/media?parent=823"}],"curies":[{"name":"wp","href":"https:\/\/api.w.org\/{rel}","templated":true}]}}