{"id":15,"date":"2017-01-02T13:59:15","date_gmt":"2017-01-02T12:59:15","guid":{"rendered":"http:\/\/pero-system.de\/figurecheck\/?page_id=15"},"modified":"2022-10-24T07:57:06","modified_gmt":"2022-10-24T05:57:06","slug":"hardware","status":"publish","type":"page","link":"https:\/\/pero-system.de\/figurecheck\/hardware\/","title":{"rendered":"Hardware"},"content":{"rendered":"<p><div class=\"one_half\"><\/p>\n<div class=\"feature-wrap fadeInLeft\">\n<div style=\"text-align: center;\"><div style=\"clear:both; min-height:20px; height:20px; background:url(https:\/\/pero-system.de\/figurecheck\/wp-content\/themes\/business-growth\/images\/hr_double.png) no-repeat center center transparent;\"><\/div><br \/>\n<div class=\"UnderLine\" style=\"margin-bottom:px;\"><span class=\"hr-style\"><\/span><\/div><\/p>\n<h2>Der neue\u00a0<b style=\"color: #fff200;\">FigureCheck3D<\/b>:<\/h2>\n<p><img loading=\"lazy\" decoding=\"async\" class=\"wp-image-157 alignleft\" src=\"https:\/\/pero-system.de\/figurecheck\/wp-content\/uploads\/sites\/2\/2017\/01\/Haken.gif\" alt=\"\" width=\"14\" height=\"14\" \/>\u00a0ber\u00fchrungsloses, optisches Messverfahren<\/p>\n<p><img loading=\"lazy\" decoding=\"async\" class=\"wp-image-157 alignleft\" src=\"https:\/\/pero-system.de\/figurecheck\/wp-content\/uploads\/sites\/2\/2017\/01\/Haken.gif\" alt=\"\" width=\"14\" height=\"14\" \/>\u00a0einfach in der Handhabung<\/p>\n<p><img loading=\"lazy\" decoding=\"async\" class=\"wp-image-157 alignleft\" src=\"https:\/\/pero-system.de\/figurecheck\/wp-content\/uploads\/sites\/2\/2017\/01\/Haken.gif\" alt=\"\" width=\"14\" height=\"14\" \/>\u00a0Messung der K\u00f6rperkonturen in Sekundenschnelle<\/p>\n<p><img loading=\"lazy\" decoding=\"async\" class=\"wp-image-157 alignleft\" src=\"https:\/\/pero-system.de\/figurecheck\/wp-content\/uploads\/sites\/2\/2017\/01\/Haken.gif\" alt=\"\" width=\"14\" height=\"14\" \/>\u00a0gesundheitlich unbedenkliche Infrarot-Technik<\/p>\n<div style=\"clear:both; min-height:20px; height:20px; background:url(https:\/\/pero-system.de\/figurecheck\/wp-content\/themes\/business-growth\/images\/hr_double.png) no-repeat center center transparent;\"><\/div>\n<\/div>\n<div style=\"text-align: center;\"><img loading=\"lazy\" decoding=\"async\" class=\"alignnone size-medium wp-image-37\" src=\"https:\/\/pero-system.de\/figurecheck\/wp-content\/uploads\/sites\/2\/2017\/01\/web1280px_Medi_Produkt01_final160319_113246_01058_v2.jpg\" alt=\"Bedienung des FigureCheck mit dem Smartphone\" width=\"284\" height=\"450\" srcset=\"https:\/\/pero-system.de\/figurecheck\/wp-content\/uploads\/sites\/2\/2017\/01\/web1280px_Medi_Produkt01_final160319_113246_01058_v2.jpg 808w, https:\/\/pero-system.de\/figurecheck\/wp-content\/uploads\/sites\/2\/2017\/01\/web1280px_Medi_Produkt01_final160319_113246_01058_v2-189x300.jpg 189w, https:\/\/pero-system.de\/figurecheck\/wp-content\/uploads\/sites\/2\/2017\/01\/web1280px_Medi_Produkt01_final160319_113246_01058_v2-768x1217.jpg 768w, https:\/\/pero-system.de\/figurecheck\/wp-content\/uploads\/sites\/2\/2017\/01\/web1280px_Medi_Produkt01_final160319_113246_01058_v2-646x1024.jpg 646w\" sizes=\"auto, (max-width: 284px) 100vw, 284px\" \/><\/div>\n<\/div>\n<p><\/div><\/p>\n<div class=\"one_half last_column\"><\/p>\n<div class=\"feature-wrap fadeInLeft fadeInRight\"><img loading=\"lazy\" decoding=\"async\" class=\"alignnone size-medium wp-image-26\" src=\"https:\/\/pero-system.de\/figurecheck\/wp-content\/uploads\/sites\/2\/2017\/01\/TrainerSportlerin-Schriftzug-und-Logos-bearbeitet-303Breite.jpg\" alt=\"\" width=\"316\" height=\"500\" srcset=\"https:\/\/pero-system.de\/figurecheck\/wp-content\/uploads\/sites\/2\/2017\/01\/TrainerSportlerin-Schriftzug-und-Logos-bearbeitet-303Breite.jpg 303w, https:\/\/pero-system.de\/figurecheck\/wp-content\/uploads\/sites\/2\/2017\/01\/TrainerSportlerin-Schriftzug-und-Logos-bearbeitet-303Breite-189x300.jpg 189w\" sizes=\"auto, (max-width: 316px) 100vw, 316px\" \/><\/div>\n<p><\/div>\n<div class=\"clear\"><\/div>\n<p>Zur Messung der Figur wird der bewegliche Messrahmen \u00fcber den K\u00f6rper nach oben &#8211; bis unter die Arme &#8211; und wieder zur\u00fcck gefahren. Dabei erfasst der <b style=\"color: #fff200;\">FigureCheck3D<\/b> die K\u00f6rperkonturen in hochaufl\u00f6sender Genauigkeit und sendet die Daten zur Auswertung wahlweise an einen PC oder ein mobiles Endger\u00e4t.<\/p>\n<p>Das patentierte Infrarot-Messverfahren wird seit \u00fcber 25 Jahren im medizinischen Bereich unter den hohen dort geltenden Qualit\u00e4tsstandards angewendet und weiterentwickelt. Mit dem <b style=\"color: #fff200;\">FigureCheck3D<\/b> &#8211; unserem neuen, erstmalig speziell auf das Fitness-Studio zugeschnitten Modell &#8211; profitierst nun auch du vom geballten Know-How der Medizintechnik.<\/p>\n<p><\/p>","protected":false},"excerpt":{"rendered":"<p>Zur Messung der Figur wird der bewegliche Messrahmen \u00fcber den K\u00f6rper nach oben &#8211; bis unter die Arme &#8211; und wieder zur\u00fcck gefahren. Dabei erfasst der FigureCheck3D die K\u00f6rperkonturen in hochaufl\u00f6sender Genauigkeit und sendet die Daten zur Auswertung wahlweise an einen PC oder ein mobiles Endger\u00e4t. Das patentierte Infrarot-Messverfahren wird seit \u00fcber 25 Jahren im medizinischen Bereich unter den hohen dort geltenden Qualit\u00e4tsstandards angewendet und weiterentwickelt. Mit dem FigureCheck3D &#8211; unserem neuen, erstmalig speziell auf das Fitness-Studio zugeschnitten Modell &#8211; profitierst nun auch du vom geballten Know-How der Medizintechnik.<\/p>\n","protected":false},"author":1,"featured_media":0,"parent":0,"menu_order":0,"comment_status":"closed","ping_status":"closed","template":"full-width.php","meta":{"footnotes":""},"class_list":["post-15","page","type-page","status-publish","hentry"],"_links":{"self":[{"href":"https:\/\/pero-system.de\/figurecheck\/wp-json\/wp\/v2\/pages\/15","targetHints":{"allow":["GET"]}}],"collection":[{"href":"https:\/\/pero-system.de\/figurecheck\/wp-json\/wp\/v2\/pages"}],"about":[{"href":"https:\/\/pero-system.de\/figurecheck\/wp-json\/wp\/v2\/types\/page"}],"author":[{"embeddable":true,"href":"https:\/\/pero-system.de\/figurecheck\/wp-json\/wp\/v2\/users\/1"}],"replies":[{"embeddable":true,"href":"https:\/\/pero-system.de\/figurecheck\/wp-json\/wp\/v2\/comments?post=15"}],"version-history":[{"count":49,"href":"https:\/\/pero-system.de\/figurecheck\/wp-json\/wp\/v2\/pages\/15\/revisions"}],"predecessor-version":[{"id":224,"href":"https:\/\/pero-system.de\/figurecheck\/wp-json\/wp\/v2\/pages\/15\/revisions\/224"}],"wp:attachment":[{"href":"https:\/\/pero-system.de\/figurecheck\/wp-json\/wp\/v2\/media?parent=15"}],"curies":[{"name":"wp","href":"https:\/\/api.w.org\/{rel}","templated":true}]}}