{"id":6,"date":"2017-01-02T13:41:31","date_gmt":"2017-01-02T12:41:31","guid":{"rendered":"http:\/\/pero-system.de\/figurecheck\/?page_id=6"},"modified":"2019-04-19T15:32:31","modified_gmt":"2019-04-19T13:32:31","slug":"der-neue-figurecheck-dein-figurerfolg-sofort-sichtbar-gemacht","status":"publish","type":"page","link":"https:\/\/pero-system.de\/figurecheck\/","title":{"rendered":"Der neue FigureCheck. Dein Figurerfolg sofort sichtbar gemacht"},"content":{"rendered":"<p><div style=\"clear:both; min-height:20px; height:20px; background:url(https:\/\/pero-system.de\/figurecheck\/wp-content\/themes\/business-growth\/images\/hr_double.png) no-repeat center center transparent;\"><\/div><\/p>\n<hr \/>\n<div style=\"clear:both; min-height:20px; height:20px; background:url(https:\/\/pero-system.de\/figurecheck\/wp-content\/themes\/business-growth\/images\/hr_double.png) no-repeat center center transparent;\"><\/div>\n<h2>Der neue FigureCheck3D:<\/h2>\n<p>Dein Figurerfolg &#8211; sofort sichtbar gemacht!<\/p>\n<table style=\"text-align: center; vertical-align: bottom;\" width=\"100%\">\n<tbody>\n<tr style=\"text-align: center; vertical-align: bottom;\">\n<td style=\"text-align: right;\"><img loading=\"lazy\" decoding=\"async\" class=\"alignnone size-medium wp-image-113\" src=\"https:\/\/pero-system.de\/wp-content\/uploads\/2016\/12\/TrainerUndSportlerin.jpg\" alt=\"\" width=\"303\" height=\"480\" \/><\/td>\n<td style=\"text-align: left;\" valign=\"bottom\"><img loading=\"lazy\" decoding=\"async\" class=\"alignnone size-full wp-image-112\" src=\"https:\/\/pero-system.de\/wp-content\/uploads\/2016\/12\/Pfeil.gif\" alt=\"\" width=\"174\" height=\"144\" \/><br \/>\n<img loading=\"lazy\" decoding=\"async\" class=\"alignnone size-medium wp-image-98\" src=\"https:\/\/pero-system.de\/wp-content\/uploads\/2016\/12\/Startbild.gif\" alt=\"\" width=\"156\" height=\"300\" \/><\/td>\n<\/tr>\n<\/tbody>\n<\/table>\n<p>Der neue <b>FigureCheck3D<\/b> ist ein dreidimensional darstellender K\u00f6rperscanner. Mit diesem System steht dir ab jetzt ein hochinnovatives Instrument zur Analyse deines Trainings- und Di\u00e4terfolgs zur Verf\u00fcgung. Einfache Bedienung, 3D-Analyse und zahlreiche detaillierte Tools zur Auswertung: Informiere dich jetzt \u00fcber den neuen\u00a0<b>FigureCheck3D<\/b>!<\/p>","protected":false},"excerpt":{"rendered":"<p>Der neue FigureCheck3D: Dein Figurerfolg &#8211; sofort sichtbar gemacht! Der neue FigureCheck3D ist ein dreidimensional darstellender K\u00f6rperscanner. Mit diesem System steht dir ab jetzt ein hochinnovatives Instrument zur Analyse deines Trainings- und Di\u00e4terfolgs zur Verf\u00fcgung. Einfache Bedienung, 3D-Analyse und zahlreiche detaillierte Tools zur Auswertung: Informiere dich jetzt \u00fcber den neuen\u00a0FigureCheck3D!<\/p>\n","protected":false},"author":1,"featured_media":0,"parent":0,"menu_order":0,"comment_status":"closed","ping_status":"closed","template":"","meta":{"footnotes":""},"class_list":["post-6","page","type-page","status-publish","hentry"],"_links":{"self":[{"href":"https:\/\/pero-system.de\/figurecheck\/wp-json\/wp\/v2\/pages\/6","targetHints":{"allow":["GET"]}}],"collection":[{"href":"https:\/\/pero-system.de\/figurecheck\/wp-json\/wp\/v2\/pages"}],"about":[{"href":"https:\/\/pero-system.de\/figurecheck\/wp-json\/wp\/v2\/types\/page"}],"author":[{"embeddable":true,"href":"https:\/\/pero-system.de\/figurecheck\/wp-json\/wp\/v2\/users\/1"}],"replies":[{"embeddable":true,"href":"https:\/\/pero-system.de\/figurecheck\/wp-json\/wp\/v2\/comments?post=6"}],"version-history":[{"count":3,"href":"https:\/\/pero-system.de\/figurecheck\/wp-json\/wp\/v2\/pages\/6\/revisions"}],"predecessor-version":[{"id":189,"href":"https:\/\/pero-system.de\/figurecheck\/wp-json\/wp\/v2\/pages\/6\/revisions\/189"}],"wp:attachment":[{"href":"https:\/\/pero-system.de\/figurecheck\/wp-json\/wp\/v2\/media?parent=6"}],"curies":[{"name":"wp","href":"https:\/\/api.w.org\/{rel}","templated":true}]}}