{"id":64,"date":"2017-01-02T15:28:25","date_gmt":"2017-01-02T14:28:25","guid":{"rendered":"http:\/\/pero-system.de\/figurecheck\/?page_id=64"},"modified":"2024-06-04T10:47:43","modified_gmt":"2024-06-04T08:47:43","slug":"technische-daten","status":"publish","type":"page","link":"https:\/\/pero-system.de\/figurecheck\/technische-daten\/","title":{"rendered":"Technische Daten"},"content":{"rendered":"<p><\/p>\n<div class=\"feature-wrap fadeInRight\">\n<table style=\"padding: 15px; text-align: left; width: 95%;\">\n<tbody>\n<tr>\n<td style=\"width: 50%;\">H\u00f6he des <b style=\"color: #fff200;\">FigureCheck3D<\/b>:<\/td>\n<td style=\"text-align: right;\">191 cm<\/td>\n<\/tr>\n<tr>\n<td>Grundfl\u00e4che des <b style=\"color: #fff200;\">FigureCheck3D<\/b>:<\/td>\n<td style=\"text-align: right;\">65 cm x 122 cm<\/td>\n<\/tr>\n<tr>\n<td>Gewicht des <b style=\"color: #fff200;\">FigureCheck3D<\/b>:<\/td>\n<td style=\"text-align: right;\">ca. 54 kg<\/td>\n<\/tr>\n<tr>\n<td>Lichte Weite des Messrahmens:<\/td>\n<td style=\"text-align: right;\">47 cm x 47 cm<\/td>\n<\/tr>\n<tr>\n<td><\/td>\n<td style=\"text-align: right;\">(entspricht ca. 147 cm Bauch- bzw. H\u00fcftumfang. Damen bis zu Konfektionsgr\u00f6\u00dfe 58 und Herren bis Konfektionsgr\u00f6\u00dfe 67 k\u00f6nnen demnach gemessen werden.)<\/td>\n<\/tr>\n<tr>\n<td>Maximal erfassbare Objektl\u00e4nge:<\/td>\n<td style=\"text-align: right;\">150 cm<\/td>\n<\/tr>\n<tr>\n<td>Schrittweite beim Scan:<\/td>\n<td style=\"text-align: right;\">0,47 cm<\/td>\n<\/tr>\n<\/tbody>\n<\/table>\n<\/div>\n<p style=\"font-size: small;\">Zum Betrieb des <b style=\"color: #fff200;\">FigureCheck3D<\/b> ist ein Windows-Rechner (z.B. Notebook oder Tablet-Rechner) erforderlich. Anforderungen: MS Windows 11, Intel Core i3 Processor, 2 GB RAM, 1 GB freier Festplattenspeicher, CD-ROM, Full HD Grafik, PS\/2-Maus oder kompatibles Zeigeger\u00e4t, USB Schnittstelle.<\/p>\n<p><\/p>","protected":false},"excerpt":{"rendered":"<p>H\u00f6he des FigureCheck3D: 191 cm Grundfl\u00e4che des FigureCheck3D: 65 cm x 122 cm Gewicht des FigureCheck3D: ca. 54 kg Lichte Weite des Messrahmens: 47 cm x 47 cm (entspricht ca. 147 cm Bauch- bzw. H\u00fcftumfang. Damen bis zu Konfektionsgr\u00f6\u00dfe 58 und Herren bis Konfektionsgr\u00f6\u00dfe 67 k\u00f6nnen demnach gemessen werden.) Maximal erfassbare Objektl\u00e4nge: 150 cm Schrittweite beim Scan: 0,47 cm Zum Betrieb des FigureCheck3D ist ein Windows-Rechner (z.B. Notebook oder Tablet-Rechner) erforderlich. Anforderungen: MS Windows 11, Intel Core i3 Processor, 2 GB RAM, 1 GB freier Festplattenspeicher, CD-ROM, Full HD Grafik, PS\/2-Maus oder kompatibles Zeigeger\u00e4t, USB Schnittstelle.<\/p>\n","protected":false},"author":1,"featured_media":0,"parent":0,"menu_order":0,"comment_status":"closed","ping_status":"closed","template":"full-width.php","meta":{"footnotes":""},"class_list":["post-64","page","type-page","status-publish","hentry"],"_links":{"self":[{"href":"https:\/\/pero-system.de\/figurecheck\/wp-json\/wp\/v2\/pages\/64","targetHints":{"allow":["GET"]}}],"collection":[{"href":"https:\/\/pero-system.de\/figurecheck\/wp-json\/wp\/v2\/pages"}],"about":[{"href":"https:\/\/pero-system.de\/figurecheck\/wp-json\/wp\/v2\/types\/page"}],"author":[{"embeddable":true,"href":"https:\/\/pero-system.de\/figurecheck\/wp-json\/wp\/v2\/users\/1"}],"replies":[{"embeddable":true,"href":"https:\/\/pero-system.de\/figurecheck\/wp-json\/wp\/v2\/comments?post=64"}],"version-history":[{"count":13,"href":"https:\/\/pero-system.de\/figurecheck\/wp-json\/wp\/v2\/pages\/64\/revisions"}],"predecessor-version":[{"id":232,"href":"https:\/\/pero-system.de\/figurecheck\/wp-json\/wp\/v2\/pages\/64\/revisions\/232"}],"wp:attachment":[{"href":"https:\/\/pero-system.de\/figurecheck\/wp-json\/wp\/v2\/media?parent=64"}],"curies":[{"name":"wp","href":"https:\/\/api.w.org\/{rel}","templated":true}]}}