{"id":91,"date":"2017-01-04T12:03:24","date_gmt":"2017-01-04T11:03:24","guid":{"rendered":"http:\/\/pero-system.de\/figurecheck\/?page_id=91"},"modified":"2025-11-04T09:31:55","modified_gmt":"2025-11-04T08:31:55","slug":"service","status":"publish","type":"page","link":"https:\/\/pero-system.de\/figurecheck\/service\/","title":{"rendered":"Service"},"content":{"rendered":"<p><\/p>\n\n\n\n<p>Wir betreiben Demonstrations- und Schulungsr\u00e4ume, die s\u00e4mtlich f\u00fcr einen Online-Betrieb ausger\u00fcstet sind. In diesen Studios sprechen Sie individuell mit unseren Mitarbeitern und lassen sich beraten. F\u00fcr ein Onlinetreffen ben\u00f6tigen Sie lediglich ein Zoom-f\u00e4higes Endger\u00e4t mit Zugang zum Internet. Zur Sitzung laden wir Sie individuell ein und ber\u00fccksichtigen dabei m\u00f6glichst einen Ihrer Wunschtermine.<\/p>\n\n\n<div style=\"clear:both; min-height:20px; height:30px; background:url(https:\/\/pero-system.de\/figurecheck\/wp-content\/themes\/business-growth\/images\/hr_double.png) no-repeat center center transparent;\"><\/div>\n\n\n<style id=\"wpforms-css-vars-239-block-6a9abe13-2b4a-4dc4-b1c9-e95c39f52d02\">\n\t\t\t\t#wpforms-239.wpforms-block-6a9abe13-2b4a-4dc4-b1c9-e95c39f52d02 {\n\t\t\t\t--wpforms-label-color: #e6e6e6;\n--wpforms-label-sublabel-color: #dedede;\n--wpforms-label-error-color: #ffbf00;\n--wpforms-field-border-color: rgba(0, 0, 0, 0.25);\n--wpforms-field-border-color-spare: rgba(0, 0, 0, 0.25);\n--wpforms-field-text-color: #000000;\n--wpforms-button-background-color: #fff200;\n--wpforms-button-text-color: #5e5e5e;\n--wpforms-field-size-input-height: 43px;\n--wpforms-field-size-input-spacing: 15px;\n--wpforms-field-size-font-size: 16px;\n--wpforms-field-size-line-height: 19px;\n--wpforms-field-size-padding-h: 14px;\n--wpforms-field-size-checkbox-size: 16px;\n--wpforms-field-size-sublabel-spacing: 5px;\n--wpforms-field-size-icon-size: 1;\n--wpforms-label-size-font-size: 16px;\n--wpforms-label-size-line-height: 19px;\n--wpforms-label-size-sublabel-font-size: 14px;\n--wpforms-label-size-sublabel-line-height: 17px;\n--wpforms-button-size-font-size: 17px;\n--wpforms-button-size-height: 41px;\n--wpforms-button-size-padding-h: 15px;\n--wpforms-button-size-margin-top: 10px;\n\t\t\t}\n\t\t\t<\/style><div class=\"wpforms-container wpforms-container-full wpforms-block wpforms-block-6a9abe13-2b4a-4dc4-b1c9-e95c39f52d02 wpforms-render-modern\" id=\"wpforms-239\"><form id=\"wpforms-form-239\" class=\"wpforms-validate wpforms-form wpforms-ajax-form\" data-formid=\"239\" method=\"post\" enctype=\"multipart\/form-data\" action=\"\/figurecheck\/wp-json\/wp\/v2\/pages\/91\" data-token=\"8dba2c8ff0199c9e244187ac0b8c0a80\" data-token-time=\"1777213684\"><noscript class=\"wpforms-error-noscript\">Bitte aktiviere JavaScript in deinem Browser, um dieses Formular fertigzustellen.<\/noscript><div id=\"wpforms-error-noscript\" style=\"display: none;\">Bitte aktiviere JavaScript in deinem Browser, um dieses Formular fertigzustellen.<\/div><div class=\"wpforms-field-container\"><div id=\"wpforms-239-field_4-container\" class=\"wpforms-field wpforms-field-checkbox\" data-field-id=\"4\"><fieldset><legend class=\"wpforms-field-label wpforms-label-hide\" aria-hidden=\"false\">Anliegen<\/legend><ul id=\"wpforms-239-field_4\"><li class=\"choice-1 depth-1\"><input type=\"checkbox\" id=\"wpforms-239-field_4_1\" name=\"wpforms[fields][4][]\" value=\"Ich interessiere mich f\u00fcr eine Online-Pr\u00e4sentation Ihrer Produkte. Drei Terminvorschl\u00e4ge sind unten angegeben.\" aria-errormessage=\"wpforms-239-field_4_1-error\"  ><label class=\"wpforms-field-label-inline\" for=\"wpforms-239-field_4_1\">Ich interessiere mich f\u00fcr eine Online-Pr\u00e4sentation Ihrer Produkte. Drei Terminvorschl\u00e4ge sind unten angegeben.<\/label><\/li><li class=\"choice-2 depth-1\"><input type=\"checkbox\" id=\"wpforms-239-field_4_2\" name=\"wpforms[fields][4][]\" value=\"Ich interessiere mich f\u00fcr eine Online-Pr\u00e4sentation Ihrer Produkte. Bitte kontaktieren Sie mich telefonisch, um einen Termin zu vereinbaren.\" aria-errormessage=\"wpforms-239-field_4_2-error\"  ><label class=\"wpforms-field-label-inline\" for=\"wpforms-239-field_4_2\">Ich interessiere mich f\u00fcr eine Online-Pr\u00e4sentation Ihrer Produkte. Bitte kontaktieren Sie mich telefonisch, um einen Termin zu vereinbaren.<\/label><\/li><\/ul><\/fieldset><\/div>\t\t<div id=\"wpforms-239-field_2-container\"\n\t\t\tclass=\"wpforms-field wpforms-field-text\"\n\t\t\tdata-field-type=\"text\"\n\t\t\tdata-field-id=\"2\"\n\t\t\t>\n\t\t\t<label class=\"wpforms-field-label\" for=\"wpforms-239-field_2\" >Kontaktdaten: Individuelle Nachricht<\/label>\n\t\t\t<input type=\"text\" id=\"wpforms-239-field_2\" class=\"wpforms-field-medium\" name=\"wpforms[fields][2]\" >\n\t\t<\/div>\n\t\t<div id=\"wpforms-239-field_5-container\" class=\"wpforms-field wpforms-field-textarea\" data-field-id=\"5\"><label class=\"wpforms-field-label\" for=\"wpforms-239-field_5\">Individuelle Nachricht \/ zus\u00e4tzliche Bemerkungen:<\/label><textarea id=\"wpforms-239-field_5\" class=\"wpforms-field-medium\" name=\"wpforms[fields][5]\" aria-errormessage=\"wpforms-239-field_5-error\" ><\/textarea><\/div><div id=\"wpforms-239-field_6-container\" class=\"wpforms-field wpforms-field-text\" data-field-id=\"6\"><label class=\"wpforms-field-label\" for=\"wpforms-239-field_6\">Terminvorschl\u00e4ge:<\/label><input type=\"text\" id=\"wpforms-239-field_6\" class=\"wpforms-field-medium\" name=\"wpforms[fields][6]\" aria-errormessage=\"wpforms-239-field_6-error\" ><\/div><div id=\"wpforms-239-field_7-container\" class=\"wpforms-field wpforms-field-radio wpforms-list-inline\" data-field-id=\"7\"><fieldset><legend class=\"wpforms-field-label\">Kontaktdaten:<\/legend><ul id=\"wpforms-239-field_7\"><li class=\"choice-1 depth-1\"><input type=\"radio\" id=\"wpforms-239-field_7_1\" name=\"wpforms[fields][7]\" value=\"Frau\" aria-errormessage=\"wpforms-239-field_7_1-error\"  ><label class=\"wpforms-field-label-inline\" for=\"wpforms-239-field_7_1\">Frau<\/label><\/li><li class=\"choice-2 depth-1\"><input type=\"radio\" id=\"wpforms-239-field_7_2\" name=\"wpforms[fields][7]\" value=\"Herr\" aria-errormessage=\"wpforms-239-field_7_2-error\"  ><label class=\"wpforms-field-label-inline\" for=\"wpforms-239-field_7_2\">Herr<\/label><\/li><li class=\"choice-3 depth-1\"><input type=\"radio\" id=\"wpforms-239-field_7_3\" name=\"wpforms[fields][7]\" value=\"Divers \/ keine Angabe\" aria-errormessage=\"wpforms-239-field_7_3-error\"  ><label class=\"wpforms-field-label-inline\" for=\"wpforms-239-field_7_3\">Divers \/ keine Angabe<\/label><\/li><\/ul><\/fieldset><\/div><div id=\"wpforms-239-field_1-container\" class=\"wpforms-field wpforms-field-name\" data-field-id=\"1\"><fieldset><legend class=\"wpforms-field-label\">Name: <span class=\"wpforms-required-label\" aria-hidden=\"true\">*<\/span><\/legend><div class=\"wpforms-field-row wpforms-field-medium\"><div class=\"wpforms-field-row-block wpforms-first wpforms-one-half\"><input type=\"text\" id=\"wpforms-239-field_1\" class=\"wpforms-field-name-first wpforms-field-required\" name=\"wpforms[fields][1][first]\" aria-errormessage=\"wpforms-239-field_1-error\" required><label for=\"wpforms-239-field_1\" class=\"wpforms-field-sublabel after\">Vorname<\/label><\/div><div class=\"wpforms-field-row-block wpforms-one-half\"><input type=\"text\" id=\"wpforms-239-field_1-last\" class=\"wpforms-field-name-last wpforms-field-required\" name=\"wpforms[fields][1][last]\" aria-errormessage=\"wpforms-239-field_1-last-error\" required><label for=\"wpforms-239-field_1-last\" class=\"wpforms-field-sublabel after\">Nachname<\/label><\/div><\/div><\/fieldset><\/div><div id=\"wpforms-239-field_8-container\" class=\"wpforms-field wpforms-field-text\" data-field-id=\"8\"><label class=\"wpforms-field-label\" for=\"wpforms-239-field_8\">Firma: <span class=\"wpforms-required-label\" aria-hidden=\"true\">*<\/span><\/label><input type=\"text\" id=\"wpforms-239-field_8\" class=\"wpforms-field-medium wpforms-field-required\" name=\"wpforms[fields][8]\" aria-errormessage=\"wpforms-239-field_8-error\" required><\/div><div id=\"wpforms-239-field_9-container\" class=\"wpforms-field wpforms-field-textarea\" data-field-id=\"9\"><label class=\"wpforms-field-label\" for=\"wpforms-239-field_9\">Adresse: <span class=\"wpforms-required-label\" aria-hidden=\"true\">*<\/span><\/label><textarea id=\"wpforms-239-field_9\" class=\"wpforms-field-medium wpforms-field-required\" name=\"wpforms[fields][9]\" aria-errormessage=\"wpforms-239-field_9-error\" required><\/textarea><\/div><div id=\"wpforms-239-field_10-container\" class=\"wpforms-field wpforms-field-text\" data-field-id=\"10\"><label class=\"wpforms-field-label\" for=\"wpforms-239-field_10\">Telefon:<\/label><input type=\"text\" id=\"wpforms-239-field_10\" class=\"wpforms-field-medium\" name=\"wpforms[fields][10]\" aria-errormessage=\"wpforms-239-field_10-error\" ><\/div><div id=\"wpforms-239-field_11-container\" class=\"wpforms-field wpforms-field-email\" data-field-id=\"11\"><label class=\"wpforms-field-label\" for=\"wpforms-239-field_11\">E-Mail-Adresse <span class=\"wpforms-required-label\" aria-hidden=\"true\">*<\/span><\/label><input type=\"email\" id=\"wpforms-239-field_11\" class=\"wpforms-field-medium wpforms-field-required\" name=\"wpforms[fields][11]\" spellcheck=\"false\" aria-errormessage=\"wpforms-239-field_11-error\" required><\/div><script>\n\t\t\t\t( function() {\n\t\t\t\t\tconst style = document.createElement( 'style' );\n\t\t\t\t\tstyle.appendChild( document.createTextNode( '#wpforms-239-field_2-container { position: absolute !important; overflow: hidden !important; display: inline !important; height: 1px !important; width: 1px !important; z-index: -1000 !important; padding: 0 !important; } #wpforms-239-field_2-container input { visibility: hidden; } #wpforms-conversational-form-page #wpforms-239-field_2-container label { counter-increment: none; }' ) );\n\t\t\t\t\tdocument.head.appendChild( style );\n\t\t\t\t\tdocument.currentScript?.remove();\n\t\t\t\t} )();\n\t\t\t<\/script><\/div><!-- .wpforms-field-container --><div class=\"wpforms-submit-container\" ><input type=\"hidden\" name=\"wpforms[id]\" value=\"239\"><input type=\"hidden\" name=\"page_title\" value=\"\"><input type=\"hidden\" name=\"page_url\" value=\"https:\/\/pero-system.de\/figurecheck\/wp-json\/wp\/v2\/pages\/91\"><input type=\"hidden\" name=\"url_referer\" value=\"\"><button type=\"submit\" name=\"wpforms[submit]\" id=\"wpforms-submit-239\" class=\"wpforms-submit\" data-alt-text=\"Wird gesendet\u00a0\u2026\" data-submit-text=\"Absenden\" aria-live=\"assertive\" value=\"wpforms-submit\">Absenden<\/button><img loading=\"lazy\" decoding=\"async\" src=\"https:\/\/pero-system.de\/figurecheck\/wp-content\/plugins\/wpforms-lite\/assets\/images\/submit-spin.svg\" class=\"wpforms-submit-spinner\" style=\"display: none;\" width=\"26\" height=\"26\" alt=\"Wird geladen\"><\/div><\/form><\/div>  <!-- .wpforms-container -->\n\n<div style=\"clear:both; min-height:20px; height:30px; background:url(https:\/\/pero-system.de\/figurecheck\/wp-content\/themes\/business-growth\/images\/hr_double.png) no-repeat center center transparent;\"><\/div>\n\n\n\n<p>Sie ben\u00f6tigen weitere Unterlagen?<br>\nKontakt via E-Mail:<\/p>\n\n\n\n<p><img loading=\"lazy\" decoding=\"async\" class=\"details-image\" draggable=\"false\" src=\"https:\/\/pero-system.de\/wp-content\/uploads\/2017\/02\/info_at_pero-system.de_-e1486037695131.jpg\" alt=\"\" width=\"142\" height=\"35\"><\/p>","protected":false},"excerpt":{"rendered":"<p>Wir betreiben Demonstrations- und Schulungsr\u00e4ume, die s\u00e4mtlich f\u00fcr einen Online-Betrieb ausger\u00fcstet sind. In diesen Studios sprechen Sie individuell mit unseren Mitarbeitern und lassen sich beraten. F\u00fcr ein Onlinetreffen ben\u00f6tigen Sie lediglich ein Zoom-f\u00e4higes Endger\u00e4t mit Zugang zum Internet. Zur Sitzung laden wir Sie individuell ein und ber\u00fccksichtigen dabei m\u00f6glichst einen Ihrer Wunschtermine. Sie ben\u00f6tigen weitere Unterlagen? Kontakt via E-Mail:<\/p>\n","protected":false},"author":2,"featured_media":0,"parent":0,"menu_order":0,"comment_status":"closed","ping_status":"closed","template":"full-width.php","meta":{"footnotes":""},"class_list":["post-91","page","type-page","status-publish","hentry"],"_links":{"self":[{"href":"https:\/\/pero-system.de\/figurecheck\/wp-json\/wp\/v2\/pages\/91","targetHints":{"allow":["GET"]}}],"collection":[{"href":"https:\/\/pero-system.de\/figurecheck\/wp-json\/wp\/v2\/pages"}],"about":[{"href":"https:\/\/pero-system.de\/figurecheck\/wp-json\/wp\/v2\/types\/page"}],"author":[{"embeddable":true,"href":"https:\/\/pero-system.de\/figurecheck\/wp-json\/wp\/v2\/users\/2"}],"replies":[{"embeddable":true,"href":"https:\/\/pero-system.de\/figurecheck\/wp-json\/wp\/v2\/comments?post=91"}],"version-history":[{"count":28,"href":"https:\/\/pero-system.de\/figurecheck\/wp-json\/wp\/v2\/pages\/91\/revisions"}],"predecessor-version":[{"id":267,"href":"https:\/\/pero-system.de\/figurecheck\/wp-json\/wp\/v2\/pages\/91\/revisions\/267"}],"wp:attachment":[{"href":"https:\/\/pero-system.de\/figurecheck\/wp-json\/wp\/v2\/media?parent=91"}],"curies":[{"name":"wp","href":"https:\/\/api.w.org\/{rel}","templated":true}]}}